{"id":863,"date":"2017-04-05T19:54:08","date_gmt":"2017-04-05T16:54:08","guid":{"rendered":"http:\/\/www.tuusulankokoomus.fi\/?page_id=863"},"modified":"2017-04-10T11:42:59","modified_gmt":"2017-04-10T08:42:59","slug":"kuntavaalit-2017-tulokset","status":"publish","type":"page","link":"https:\/\/www.tuusulankokoomus.fi\/?page_id=863","title":{"rendered":"Kuntavaalit 2017 &#8211; Tulokset"},"content":{"rendered":"<p><em>Muokattu: <span class=\"last-modified-timestamp\">huhti 10, 2017 @ 11:42<\/span><\/em><\/p>\n<p>Kuntavaalien tulokset l\u00f6ytyv\u00e4t <a href=\"http:\/\/tulospalvelu.vaalit.fi\/KV-2017\/fi\/lasktila.html\" target=\"_blank\">vaalit.fi<\/a> ja <a href=\"https:\/\/vaalit.yle.fi\/tulospalvelu\/kv2017\/vaalipiiri\/2\/kunta\/858\" target=\"_blank\">YLEn<\/a> palveluista.<\/p>\n<h4>Tuusulan Kokoomuksen l\u00e4pimenneiden ehdokkaiden \u00e4\u00e4nim\u00e4\u00e4r\u00e4t<\/h4>\n<table>\n<tr>\n<th>Sija<\/th>\n<th>Ehdokas<\/th>\n<th>\u00c4\u00e4nim\u00e4\u00e4r\u00e4<\/th>\n<\/tr>\n<tr>\n<td>1<\/td>\n<td>Sj\u00f6blom Ruut<\/td>\n<td>356<\/td>\n<\/tr>\n<tr>\n<td>2<\/td>\n<td>Mellin Janne<\/td>\n<td>266<\/td>\n<\/tr>\n<tr>\n<td>3<\/td>\n<td>M\u00e4ki-Kuhna Mika<\/td>\n<td>227<\/td>\n<\/tr>\n<tr>\n<td>4<\/td>\n<td>Sj\u00f6blom Ilmari<\/td>\n<td>216<\/td>\n<\/tr>\n<tr>\n<td>5<\/td>\n<td>\u00c5vall Laura<\/td>\n<td>163<\/td>\n<\/tr>\n<tr>\n<td>6<\/td>\n<td>Ahlgren Jukka<\/td>\n<td>156<\/td>\n<\/tr>\n<tr>\n<td>7<\/td>\n<td>Koskela Henri<\/td>\n<td>140<\/td>\n<\/tr>\n<tr>\n<td>8<\/td>\n<td>Rosenqvist Ulla<\/td>\n<td>120<\/td>\n<\/tr>\n<tr>\n<td>9<\/td>\n<td>Kinnunen Kari<\/td>\n<td>118<\/td>\n<\/tr>\n<tr>\n<td>10<\/td>\n<td>Riola Jouko<\/td>\n<td> 115 <\/td>\n<\/tr>\n<tr>\n<td>11<\/td>\n<td>Tamminen Sami<\/td>\n<td> 113 <\/td>\n<\/tr>\n<tr>\n<td>12<\/td>\n<td>Salmi Lilli<\/td>\n<td>108<\/td>\n<\/tr>\n<\/table>\n<p><\/p>\n<h4>Puolueiden kannatus<\/h4>\n<table>\n<tr>\n<th>Sija<\/th>\n<th>Puolue \/ lista<\/th>\n<th>\u00c4\u00e4nim\u00e4\u00e4r\u00e4<\/th>\n<th>%<\/th>\n<th>Paikat<\/th>\n<\/tr>\n<tr>\n<td>1<\/td>\n<td>Suomen Sosiaalidemokraattinen Puolue<\/td>\n<td>4073<\/td>\n<td>22,9%<\/td>\n<td>13<\/td>\n<\/tr>\n<tr>\n<td>2<\/td>\n<td>Kansallinen Kokoomus<\/td>\n<td>3721<\/td>\n<td>20,9%<\/td>\n<td>12<\/td>\n<\/tr>\n<tr>\n<td>3<\/td>\n<td>Tuusulan puolesta yhteislista<\/td>\n<td>3405<\/td>\n<td>19,1%<\/td>\n<td>10<\/td>\n<\/tr>\n<tr>\n<td>4<\/td>\n<td>Suomen Keskusta (KESK+RKP)<\/td>\n<td>1881<\/td>\n<td>10,6%<\/td>\n<td>5<\/td>\n<\/tr>\n<tr>\n<td>5<\/td>\n<td>Vihre\u00e4 liitto<\/td>\n<td>1209<\/td>\n<td>6,8%<\/td>\n<td>3<\/td>\n<\/tr>\n<tr>\n<td>6<\/td>\n<td>Sanna Kervinen<\/td>\n<td>1011<\/td>\n<td>5,7%<\/td>\n<td>1<\/td>\n<\/tr>\n<tr>\n<td>7<\/td>\n<td>Perussuomalaiset<\/td>\n<td>973<\/td>\n<td>5,5%<\/td>\n<td>3<\/td>\n<\/tr>\n<tr>\n<td>8<\/td>\n<td>Vasemmistoliitto<\/td>\n<td>630<\/td>\n<td>3,5<\/td>\n<td>2<\/td>\n<\/tr>\n<tr>\n<td>9<\/td>\n<td>Suomen Kristillisdemokraatit (KD)<\/td>\n<td>602<\/td>\n<td>3,4%<\/td>\n<td>1<\/td>\n<\/tr>\n<tr>\n<td>10<\/td>\n<td>Suomen ruotsalainen kansanpuolue (KESK+RKP)<\/td>\n<td>162<\/td>\n<td>0,9%<\/td>\n<td>1<\/td>\n<\/tr>\n<tr>\n<td>11<\/td>\n<td>Suomen Kommunistinen Puolue (SKP+KTP)<\/td>\n<td>76<\/td>\n<td>0,4%<\/td>\n<td>0<\/td>\n<\/tr>\n<tr>\n<td>12<\/td>\n<td>Piraattipuolue<\/td>\n<td>28<\/td>\n<td>0,2%<\/td>\n<td>0<\/td>\n<\/tr>\n<tr>\n<td>13<\/td>\n<td>Kommunistinen Ty\u00f6v\u00e4enpuolue (SKP+KTP)<\/td>\n<td>18<\/td>\n<td>0,1%<\/td>\n<td>0<\/td>\n<\/tr>\n<\/table>\n","protected":false},"excerpt":{"rendered":"<p>Muokattu: Kuntavaalien tulokset l\u00f6ytyv\u00e4t vaalit.fi ja YLEn palveluista. Tuusulan Kokoomuksen l\u00e4pimenneiden ehdokkaiden \u00e4\u00e4nim\u00e4\u00e4r\u00e4t Sija Ehdokas \u00c4\u00e4nim\u00e4\u00e4r\u00e4 1 Sj\u00f6blom Ruut 356 2 Mellin Janne 266 3 M\u00e4ki-Kuhna Mika 227 4 Sj\u00f6blom Ilmari 216 5 \u00c5vall Laura 163 6 Ahlgren Jukka 156&#8230; <\/p>\n<div class=\"more-link-container\"><a class=\"more-link\" href=\"https:\/\/www.tuusulankokoomus.fi\/?page_id=863\">Lue lis\u00e4\u00e4<\/a><\/div>\n","protected":false},"author":1,"featured_media":0,"parent":0,"menu_order":0,"comment_status":"closed","ping_status":"closed","template":"templates\/full-width-page.php","meta":{"om_disable_all_campaigns":false,"_monsterinsights_skip_tracking":false,"_monsterinsights_sitenote_active":false,"_monsterinsights_sitenote_note":"","_monsterinsights_sitenote_category":0,"_uf_show_specific_survey":0,"_uf_disable_surveys":false,"footnotes":""},"class_list":["post-863","page","type-page","status-publish","hentry"],"aioseo_notices":[],"_links":{"self":[{"href":"https:\/\/www.tuusulankokoomus.fi\/index.php?rest_route=\/wp\/v2\/pages\/863","targetHints":{"allow":["GET"]}}],"collection":[{"href":"https:\/\/www.tuusulankokoomus.fi\/index.php?rest_route=\/wp\/v2\/pages"}],"about":[{"href":"https:\/\/www.tuusulankokoomus.fi\/index.php?rest_route=\/wp\/v2\/types\/page"}],"author":[{"embeddable":true,"href":"https:\/\/www.tuusulankokoomus.fi\/index.php?rest_route=\/wp\/v2\/users\/1"}],"replies":[{"embeddable":true,"href":"https:\/\/www.tuusulankokoomus.fi\/index.php?rest_route=%2Fwp%2Fv2%2Fcomments&post=863"}],"version-history":[{"count":33,"href":"https:\/\/www.tuusulankokoomus.fi\/index.php?rest_route=\/wp\/v2\/pages\/863\/revisions"}],"predecessor-version":[{"id":908,"href":"https:\/\/www.tuusulankokoomus.fi\/index.php?rest_route=\/wp\/v2\/pages\/863\/revisions\/908"}],"wp:attachment":[{"href":"https:\/\/www.tuusulankokoomus.fi\/index.php?rest_route=%2Fwp%2Fv2%2Fmedia&parent=863"}],"curies":[{"name":"wp","href":"https:\/\/api.w.org\/{rel}","templated":true}]}}