{"id":215,"date":"2016-09-07T19:35:10","date_gmt":"2016-09-07T16:35:10","guid":{"rendered":"http:\/\/www.tuusulankokoomus.fi\/?page_id=215"},"modified":"2018-09-27T12:22:18","modified_gmt":"2018-09-27T09:22:18","slug":"kuntavaalit-2017","status":"publish","type":"page","link":"https:\/\/www.tuusulankokoomus.fi\/?page_id=215","title":{"rendered":"Kuntavaalit 2017"},"content":{"rendered":"<p><img loading=\"lazy\" decoding=\"async\" class=\"alignnone size-medium wp-image-146\" src=\"http:\/\/www.tuusulankokoomus.fi\/wp-content\/uploads\/2016\/05\/IMGP5921-300x167.jpeg\" alt=\"Ruut Sj\u00f6blom\" width=\"300\" height=\"167\" srcset=\"https:\/\/www.tuusulankokoomus.fi\/wp-content\/uploads\/2016\/05\/IMGP5921-300x167.jpeg 300w, https:\/\/www.tuusulankokoomus.fi\/wp-content\/uploads\/2016\/05\/IMGP5921-768x428.jpeg 768w, https:\/\/www.tuusulankokoomus.fi\/wp-content\/uploads\/2016\/05\/IMGP5921-1024x571.jpeg 1024w, https:\/\/www.tuusulankokoomus.fi\/wp-content\/uploads\/2016\/05\/IMGP5921.jpeg 1280w\" sizes=\"auto, (max-width: 300px) 100vw, 300px\" \/><\/p>\n<p><a href=\"http:\/\/www.tuusulankokoomus.fi\/?page_id=863\">Kuntavaalien 2017 tulokset<\/a><\/p>\n<p><!--more--><\/p>\n<p>Tuusulan Kokoomuksen ehdokkaat kuntavaaleissa 2017<\/p>\n<p>Kunnissa tehd\u00e4\u00e4n p\u00e4\u00e4t\u00f6ksi\u00e4, joilla on merkityst\u00e4 meid\u00e4n jokaisen arkeen. Kunnat p\u00e4\u00e4tt\u00e4v\u00e4t muun muassa iltap\u00e4iv\u00e4kerhojen toiminnasta, kiinteist\u00f6- ja kunnallisverosta ja siit\u00e4, miten katuvalot palavat. Kunnissa p\u00e4\u00e4tet\u00e4\u00e4n my\u00f6s ty\u00f6- ja elinkeinopolitiikasta, koulujen kielivalinnoista ja uimahallin lippujen hinnoista. Arki tehd\u00e4\u00e4n kunnissa.\u00a0Kuntavaalit on siis oiva tilaisuus vaikuttaa oman kotipaikkasi asioihin ja saada aikaan konkreettisia muutoksia l\u00e4hiymp\u00e4rist\u00f6ss\u00e4si.<\/p>\n<p>Kokoomus on Suomen suurin kuntapuolue. Edellisiss\u00e4 kuntavaaleissa saimme 21,9 prosentin kannatuksen. Aiomme olla suurin kuntapuolue my\u00f6s 2017, koska haluamme vaikuttaa siihen, millainen tulevaisuus Suomella on.<\/p>\n<p><iframe loading=\"lazy\" src=\"https:\/\/www.youtube.com\/embed\/d_MUt6QHu8c\" width=\"560\" height=\"315\" frameborder=\"0\" allowfullscreen=\"allowfullscreen\"><\/iframe><\/p>\n<p>Kaikki ehdokkaat yhdell\u00e4 sivulla (PDF):<\/p>\n<p><a href=\"http:\/\/www.tuusulankokoomus.fi\/wp-content\/uploads\/2017\/03\/KOK_JULISTE_2017_Tuusula_netti.pdf\" target=\"_blank\" rel=\"noopener\"><img loading=\"lazy\" decoding=\"async\" class=\"alignnone wp-image-604 size-medium\" style=\"border: 2px solid LightGrey;\" src=\"http:\/\/www.tuusulankokoomus.fi\/wp-content\/uploads\/2016\/09\/KOK_JULISTE_2017_Tuusula_netti-200x300.png\" alt=\"\" width=\"200\" height=\"300\" srcset=\"https:\/\/www.tuusulankokoomus.fi\/wp-content\/uploads\/2016\/09\/KOK_JULISTE_2017_Tuusula_netti-200x300.png 200w, https:\/\/www.tuusulankokoomus.fi\/wp-content\/uploads\/2016\/09\/KOK_JULISTE_2017_Tuusula_netti-768x1152.png 768w\" sizes=\"auto, (max-width: 200px) 100vw, 200px\" \/><\/a><\/p>\n<p>Tuusulan Kokoomus ry:n\u00a0vaalilehti 1 ja vaalilehti 2:<\/p>\n<p><a href=\"http:\/\/www.tuusulankokoomus.fi\/wp-content\/uploads\/2016\/09\/TlanKokVaalilehti1.pdf\" target=\"_blank\" rel=\"noopener\"><img loading=\"lazy\" decoding=\"async\" class=\"alignnone wp-image-700 size-medium\" style=\"border: 2px solid LightGrey;\" src=\"http:\/\/www.tuusulankokoomus.fi\/wp-content\/uploads\/2017\/03\/TlanKokVaalilehti1-210x300.png\" alt=\"\" width=\"210\" height=\"300\" srcset=\"https:\/\/www.tuusulankokoomus.fi\/wp-content\/uploads\/2017\/03\/TlanKokVaalilehti1-210x300.png 210w, https:\/\/www.tuusulankokoomus.fi\/wp-content\/uploads\/2017\/03\/TlanKokVaalilehti1-768x1097.png 768w, https:\/\/www.tuusulankokoomus.fi\/wp-content\/uploads\/2017\/03\/TlanKokVaalilehti1.png 1653w\" sizes=\"auto, (max-width: 210px) 100vw, 210px\" \/><\/a> <a href=\"http:\/\/www.tuusulankokoomus.fi\/wp-content\/uploads\/2016\/09\/TuusulaKokVaalilehti2.pdf\" target=\"_blank\" rel=\"noopener\"><img loading=\"lazy\" decoding=\"async\" class=\"alignnone wp-image-699 size-medium\" style=\"border: 2px solid LightGrey;\" src=\"http:\/\/www.tuusulankokoomus.fi\/wp-content\/uploads\/2017\/03\/TuusulaKokVaalilehti2-210x300.png\" alt=\"\" width=\"210\" height=\"300\" srcset=\"https:\/\/www.tuusulankokoomus.fi\/wp-content\/uploads\/2017\/03\/TuusulaKokVaalilehti2-210x300.png 210w, https:\/\/www.tuusulankokoomus.fi\/wp-content\/uploads\/2017\/03\/TuusulaKokVaalilehti2-768x1097.png 768w, https:\/\/www.tuusulankokoomus.fi\/wp-content\/uploads\/2017\/03\/TuusulaKokVaalilehti2.png 1653w\" sizes=\"auto, (max-width: 210px) 100vw, 210px\" \/><\/a><\/p>\n<p>Ehdokkaat:<\/p>\n","protected":false},"excerpt":{"rendered":"<p>Kuntavaalien 2017 tulokset<\/p>\n","protected":false},"author":1,"featured_media":0,"parent":991,"menu_order":2,"comment_status":"closed","ping_status":"closed","template":"templates\/grid-full-width-page.php","meta":{"om_disable_all_campaigns":false,"_monsterinsights_skip_tracking":false,"_monsterinsights_sitenote_active":false,"_monsterinsights_sitenote_note":"","_monsterinsights_sitenote_category":0,"_uf_show_specific_survey":0,"_uf_disable_surveys":false,"footnotes":""},"class_list":["post-215","page","type-page","status-publish","hentry"],"aioseo_notices":[],"_links":{"self":[{"href":"https:\/\/www.tuusulankokoomus.fi\/index.php?rest_route=\/wp\/v2\/pages\/215","targetHints":{"allow":["GET"]}}],"collection":[{"href":"https:\/\/www.tuusulankokoomus.fi\/index.php?rest_route=\/wp\/v2\/pages"}],"about":[{"href":"https:\/\/www.tuusulankokoomus.fi\/index.php?rest_route=\/wp\/v2\/types\/page"}],"author":[{"embeddable":true,"href":"https:\/\/www.tuusulankokoomus.fi\/index.php?rest_route=\/wp\/v2\/users\/1"}],"replies":[{"embeddable":true,"href":"https:\/\/www.tuusulankokoomus.fi\/index.php?rest_route=%2Fwp%2Fv2%2Fcomments&post=215"}],"version-history":[{"count":34,"href":"https:\/\/www.tuusulankokoomus.fi\/index.php?rest_route=\/wp\/v2\/pages\/215\/revisions"}],"predecessor-version":[{"id":993,"href":"https:\/\/www.tuusulankokoomus.fi\/index.php?rest_route=\/wp\/v2\/pages\/215\/revisions\/993"}],"up":[{"embeddable":true,"href":"https:\/\/www.tuusulankokoomus.fi\/index.php?rest_route=\/wp\/v2\/pages\/991"}],"wp:attachment":[{"href":"https:\/\/www.tuusulankokoomus.fi\/index.php?rest_route=%2Fwp%2Fv2%2Fmedia&parent=215"}],"curies":[{"name":"wp","href":"https:\/\/api.w.org\/{rel}","templated":true}]}}