{"id":17,"date":"2016-05-16T00:10:58","date_gmt":"2016-05-15T21:10:58","guid":{"rendered":"http:\/\/localhost:7888\/?page_id=17"},"modified":"2022-01-17T23:01:40","modified_gmt":"2022-01-17T21:01:40","slug":"tapahtumat","status":"publish","type":"page","link":"https:\/\/www.tuusulankokoomus.fi\/?page_id=17","title":{"rendered":"Tapahtumat"},"content":{"rendered":"\n<figure class=\"wp-block-image size-full\"><img loading=\"lazy\" decoding=\"async\" width=\"1200\" height=\"628\" src=\"https:\/\/www.tuusulankokoomus.fi\/wp-content\/uploads\/2022\/01\/Hakkanen-Tuusulassa-event.jpeg\" alt=\"\" class=\"wp-image-2147\" srcset=\"https:\/\/www.tuusulankokoomus.fi\/wp-content\/uploads\/2022\/01\/Hakkanen-Tuusulassa-event.jpeg 1200w, https:\/\/www.tuusulankokoomus.fi\/wp-content\/uploads\/2022\/01\/Hakkanen-Tuusulassa-event-300x157.jpeg 300w, https:\/\/www.tuusulankokoomus.fi\/wp-content\/uploads\/2022\/01\/Hakkanen-Tuusulassa-event-768x402.jpeg 768w\" sizes=\"auto, (max-width: 1200px) 100vw, 1200px\" \/><\/figure>\n\n\n\n<p>***<\/p>\n\n\n<p><img loading=\"lazy\" decoding=\"async\" class=\"alignnone wp-image-914 size-medium\" src=\"http:\/\/www.tuusulankokoomus.fi\/wp-content\/uploads\/2016\/05\/IMG_2690-300x225.jpg\" alt=\"\" width=\"300\" height=\"225\" srcset=\"https:\/\/www.tuusulankokoomus.fi\/wp-content\/uploads\/2016\/05\/IMG_2690-300x225.jpg 300w, https:\/\/www.tuusulankokoomus.fi\/wp-content\/uploads\/2016\/05\/IMG_2690-768x576.jpg 768w\" sizes=\"auto, (max-width: 300px) 100vw, 300px\" \/><\/p>\n<p>Tuusulalainen MM-tason nyrkkeilij\u00e4 Sanna Turunen pit\u00e4\u00e4 kaikille avoimen treenin Hyryl\u00e4n urheilukeskuksessa lauantaina 24.10. klo 14.00. Ota mukaan hanskat ja jumppamatto. Kokoonnutaan stadionin yl\u00e4osassa. L\u00e4mpim\u00e4sti tervetuloa mukaan liikkumaan ja urheilemaan!<\/p>\n<p><a href=\"https:\/\/www.facebook.com\/events\/2946365045463729\/\">https:\/\/www.facebook.com\/events\/2946365045463729\/<\/a><\/p>\n<p><!--more--><\/p>\n<p><span style=\"font-size: inherit;\">***<\/span><\/p>\n<p>Keski-Uudenmaan suurmarkkinat Hyryl\u00e4n torilla 19.-20.9. Tervetuloa!<\/p>\n<p><a href=\"https:\/\/www.facebook.com\/events\/735595336997841\">https:\/\/www.facebook.com\/events\/735595336997841<\/a><\/p>\n<p><span style=\"font-size: inherit;\">***<\/span><\/p>\n<p>Tuusulan Kokoomuksen joulugl\u00f6git K-Supermarket Hyrr\u00e4n kiinteist\u00f6ss\u00e4, Riisulan toimistolla, perjantaina 20.12. klo 17-19. Tervetuloa!<\/p>\n<p>***<\/p>\n<p>Itsen\u00e4isyysp\u00e4iv\u00e4n lipunnosto 6.12. klo 7.45. Juhlapuheen pit\u00e4\u00e4 Peter Vesterbacka ja tilaisuudessa esiintyy Tuusulan Mieslaulajat. Tervetuloa!<\/p>\n<p>***<\/p>\n<p>Pikkujoulut perjantaina 22.11. klo 18 &#8211; Ravintola Kerho.<\/p>\n<p>***<\/p>\n<p>Hyryl\u00e4n kauppakeskusilta 30.10. klo 19 kunnantalon valtuustosalissa!<\/p>\n<p>***<\/p>\n<p>Tuusulan Kokoomus on mukana Keski-Uudenmaan Suurmarkkinoilla su 22.9. klo 10 &#8211; 14. Lohikeittoa tarjolla klo 11 alkaen. Tervetuloa!<\/p>\n<p>***<\/p>\n<p>HSL-ilta 22.8. klo 18 Mikkolan koululla<\/p>\n<p>***<\/p>\n<p>Tapahtumavinkit elokuulle:<\/p>\n<ul>\n<li>Kotiseutup\u00e4iv\u00e4t Tuusulassa 8.\u201311.8.<\/li>\n<li>Tuusulan Taiteiden Y\u00f6 9.8.<\/li>\n<\/ul>\n<p>***<\/p>\n<p>Kellokosken kalastuskauden avajaiset lauantaina 25.5. klo 09 &#8211; 14.<\/p>\n<p>***<\/p>\n<p>Keski-Uudenmaan Suurmarkkinat Hyryl\u00e4n torilla lauantaina 4.5. klo 10 &#8211; 14. MEP Petri Sarvamaa, kansanedustaja Ruut Sj\u00f6blom ja apulaispormestari Mika M\u00e4ki-Kuhna tavattavissa klo 11. Lohikeittoa tarjolla klo 11 alkaen.<\/p>\n<p>***<\/p>\n<p>Tuusulan Kokoomuksen teltta Marianlinnan pihassa 6.4. klo 10 &#8211; 14<\/p>\n<p>***<\/p>\n<p>Tuusulan Kokoomuksen teltta Marianlinnan pihassa 30.3. klo 10 &#8211; 14<\/p>\n<p>***<\/p>\n<p>Kokoomuksen rekka Marianlinnan pihalla 23.3. klo 10 &#8211; 16. <a href=\"https:\/\/www.kokoomus.fi\/kiertue\/\">https:\/\/www.kokoomus.fi\/kiertue\/<\/a><\/p>\n<p>***<\/p>\n<p>Yhdistyksen kev\u00e4tkokous 20.3. klo 18, Kunnantalo.<\/p>\n<p>***<\/p>\n<p>Vaalistartti lauantaina 16.3. klo 10 &#8211; 14 Marianlinnan pihalla.<\/p>\n<p>***<\/p>\n<p>Sanni Grahn-Laasonen Tuusulassa 12.2. klo 16.45, Caf\u00e9teria, Hyryl\u00e4nkatu 6.<\/p>\n<p>***<\/p>\n<p>Joulugl\u00f6git torstaina 20.12. klo 17<\/p>\n<p>***<\/p>\n<p><a href=\"https:\/\/www.facebook.com\/events\/261354884552083\/\">Itsen\u00e4isyysp\u00e4iv\u00e4n lipunnosto 6.12. klo 8.00<\/a><\/p>\n<p>***<\/p>\n<p>Pikkujoulujuhla perjantaina 30.11. klo 18.00<\/p>\n<p>***<\/p>\n<p>Tuusulan Kokoomus ry:n syyskokous pidet\u00e4\u00e4n torstaina 25.10. Kunnantalon valtuustosalissa klo 18:00.<\/p>\n<p>***<\/p>\n<p>Keski-Uudenmaan Suurmarkkinat Hyryl\u00e4n torilla sunnuntaina 23.9. klo 10 &#8211; 16.<\/p>\n<p>***<\/p>\n<p>Kellokosken <a href=\"https:\/\/www.facebook.com\/events\/904736979706700\/\">kalastuskauden avajaiset<\/a> 26.5.2018<\/p>\n<p>***<\/p>\n<p><a href=\"http:\/\/www.markkina.net\/tuusula\/\">Keskiuudenmaan suurmarkkinat<\/a> 20.5.2018<\/p>\n<p>***<\/p>\n<p>Jokelan <a href=\"https:\/\/www.tuusula.fi\/kalenteri\/show.tmpl?id=4648&amp;sivu_id=2615\">kev\u00e4tmarkkinat<\/a> 22.4.2018<\/p>\n<p>***<\/p>\n<p>Oikeusministeri Antti H\u00e4kk\u00e4nen vierailee Tuusulan Niinist\u00f6 Cafessa K-Supermarket Hyrr\u00e4n kiinteist\u00f6ss\u00e4 tiistaina 16.1.2018 klo 18:00 &#8211; 18:30.<\/p>\n<p>***<\/p>\n<p>100-vuotiaan Suomen kunniaksi Tuusulan Kokoomus ry j\u00e4rjest\u00e4\u00e4 itsen\u00e4isyysp\u00e4iv\u00e4n lipunnoston klo 07:45 kunnantalolla. Tilaisuuden juontaa valtuuston puheenjohtaja <a href=\"https:\/\/www.facebook.com\/sjoblom.ruut\/\">Ruut Sj\u00f6blom<\/a> ja juhlapuheen pit\u00e4\u00e4 MEP <a href=\"http:\/\/www.petrisarvamaa.eu\">Petri Sarvamaa<\/a>.<\/p>\n<p>***<\/p>\n<p>Tuusulan Kokoomus ja Kunnallisj\u00e4rjest\u00f6 j\u00e4rjest\u00e4v\u00e4t kaikille\u00a0avoimen kuntakehitysillan keskiviikkona 22.11.2017 klo 18\u00a0kunnantalon valtuustosalissa.<\/p>\n<p>Miten Tuusulaa jatkossa kehitet\u00e4\u00e4n, mit\u00e4 tapahtuu Hyryl\u00e4n\u00a0vanhalle keskustalle, kauppakeskussuunnitelmat, miten\u00a0HSL:een liittyminen vuoden 2018 alusta vaikuttaa\u00a0joukkoliikenteeseen, miten kunnan talous kest\u00e4\u00e4\u00a0investoinnit?<\/p>\n<p>Tilaisuudessa kuullaan\u00a0kuntasuunnittelup\u00e4\u00e4llikk\u00f6 Asko Honkasen katsaus\u00a0ajankohtaisista kaavoitussuunnitelmista, omakotitonttien\u00a0kaavoitus- ja myyntitilanteesta, ty\u00f6paikkatonttitarjonnasta,\u00a0asuntomessujen edistymisest\u00e4 ja HSL:een liittymisen vaikutuksista\u00a0kunnan joukkoliikenteeseen.<\/p>\n<p>Yleis\u00f6lt\u00e4 toivotaan runsaasti aiheisiin liittyvi\u00e4 kysymyksi\u00e4.\u00a0Mukana tapahtumassa on my\u00f6s pormestari Arto Lindberg.\u00a0L\u00e4mpim\u00e4sti tervetuloa keskustelemaan ja kahvittelemaan!<\/p>\n<p>***<\/p>\n<p>Tuusulan Kokoomus on mukana Hyryl\u00e4n syysmarkkinoilla 24.9.2017 klo 10-14. Lohisoppaa tarjolla klo 11 alkaen. Mukana valtuutettuja ja muita luottamusmiehi\u00e4. Tervetuloa!<\/p>\n<p>***<\/p>\n<p>Kellokosken kalastuskauden avajaiset j\u00e4rjestet\u00e4\u00e4n lauantaina 27.5.2017 klo 09-15 patoalueella jo 23. kerran. Lis\u00e4tietoja tapahtumasta\u00a0<a href=\"https:\/\/www.yrittajat.fi\/uudenmaan-yrittajat\/kellokosken-yrittajat\/a\/tapahtumat\/549522-kalastuskauden-avajaiset\">t\u00e4\u00e4ll\u00e4<\/a>. Tervetuloa!<\/p>\n<p>***<\/p>\n<p>Hyryl\u00e4n suurmarkkinat j\u00e4rjestet\u00e4\u00e4n Lauantaina 20.5. ja sunnuntaina 21.5. Hyryl\u00e4n torilla. Tuusulan Kokoomus ry on mukana ja lohikeittoa on tarjolla sunnuntaina klo 11:00. Tervetuloa!<\/p>\n<p>***<\/p>\n<p>Lauantaina 8.4. S-Marketin ja Marianlinnan edustalla ehdokkaita tavattavissa klo 10-14.30 Lohikeittoa tarjolla klo 11 alkaen. Tervetuloa!<\/p>\n<p>***<\/p>\n<p>Perjantaina 7.4. Kokoomusbussi ja ministeri Petteri Orpo tavattavissa klo 16.35 S-Marketin ja Marianlinnan edustalla. Paikalla my\u00f6s ehdokkaita!<\/p>\n<p><img loading=\"lazy\" decoding=\"async\" class=\"alignnone size-medium wp-image-860\" src=\"http:\/\/www.tuusulankokoomus.fi\/wp-content\/uploads\/2016\/05\/keskiuusimaa_125x134_bussi-280x300.jpg\" alt=\"\" width=\"280\" height=\"300\" srcset=\"https:\/\/www.tuusulankokoomus.fi\/wp-content\/uploads\/2016\/05\/keskiuusimaa_125x134_bussi-280x300.jpg 280w, https:\/\/www.tuusulankokoomus.fi\/wp-content\/uploads\/2016\/05\/keskiuusimaa_125x134_bussi-768x823.jpg 768w\" sizes=\"auto, (max-width: 280px) 100vw, 280px\" \/><\/p>\n<p>***<\/p>\n<p><strong>25.3.2017<\/strong> lauantaina <strong>ehdokkaita tavattavissa<\/strong><\/p>\n<p>Klo 10-13 S-Marketin ja Marianlinnan edustalla. Lohikeittoa tarjolla!<\/p>\n<p>Klo 10-13 Jokelassa<\/p>\n<p>***<\/p>\n<p><strong>18.3.2017<\/strong> lauantaina<strong> Tuusulan Kokoomuksen ehdokkaita on tavattavissa<\/strong><\/p>\n<p>Klo 10-13 S-Marketin ja Marianlinnan edustalla Hyryl\u00e4ss\u00e4. Tarjolla lohikeittoa!<\/p>\n<p>Klo 10-13 Hyryl\u00e4n torilla. Ohjelmaa lapsille.<\/p>\n<p>Klo 10-13 Kellokoskella K-Marketin edustalla. Tarjolla grillimakkaraa!<\/p>\n<p>***<\/p>\n<p><strong>1.4.2017<\/strong> lauantaina\u00a0<strong>ehdokkaita tavattavissa<\/strong><\/p>\n<p>Klo 10-13 S-Marketin ja Marianlinnan edustalla. Lohikeittoa tarjolla!<\/p>\n<p>***<\/p>\n<p><strong>8.4.2017<\/strong> lauantaina\u00a0<strong>ehdokkaita tavattavissa<\/strong><\/p>\n<p>Klo 10-13 S-Marketin ja Marianlinnan edustalla. Lohikeittoa tarjolla!<\/p>\n<p>***<\/p>\n<p>Yhdistyksen ehdokaskoulutus 7.3.2017<\/p>\n<p>Paikka: Marianlinna Aika: 18.30<\/p>\n<p>***<\/p>\n<p>Kansanedustaja <strong>Antti H\u00e4kk\u00e4nen\u00a0<\/strong>Tuusulassa 9.3.2017<\/p>\n<p>Hyrr\u00e4, Autoasemankatu 1, 04300 Tuusula<\/p>\n<p>***<\/p>\n<p>Yhdistyksen ehdokaskoulutus 28.2.2017<\/p>\n<p>Paikka: Marianlinna Aika: 18.30<\/p>\n<p>***<\/p>\n<p>Ministeri <strong>Paula Risikko\u00a0<\/strong>tavattavissa 19.2.2017 klo 15.35-16.05<\/p>\n<p>Kauppakeskus Hyrr\u00e4, Autoasemankatu 1, Tuusula<\/p>\n<p>***<\/p>\n<p>Pikkujoulut 16.12.2016<\/p>\n<p>Paikka: Ravintola Kerho Aika: klo 18.00<\/p>\n<p>***<\/p>\n<p>Lipunnostojuhla 6.12.2016<\/p>\n<p>Paikka: Tuusulan kunnantalo, valtuustosali Aika: klo 7.45<\/p>\n<p>Juhlapuhujana on Kansanedustaja <strong>Kari Tolvanen<\/strong><\/p>\n<p>***<\/p>\n<p>Ehdokaskoulutus 23.11.2016 klo 18-20<\/p>\n<p>Paikka: Hyryl\u00e4n koulukeskusksen auditorio, Sahatie 1, 04300 Tuusula<\/p>\n<p>***<\/p>\n<p>16.11.2016 Valtiovarain ministeri ja Kokoomuksen puheenjohtaja <strong>Petteri Orpo<\/strong> Tuusulassa<\/p>\n<p>Paikka: Kirkonkyl\u00e4n koulu, Tuusulantie 131, 043100 Tuusula Aika: klo 18.00<\/p>\n<p>***<\/p>\n<p>11.10.2016 Tuusulan Kokoomuksen syyskokous klo 18.00<\/p>\n<p>Poliittisen tilannekatsauksen pit\u00e4\u00e4 kansanedustaja ja kokoomuksen varapuheenjohtaja <strong>Antti H\u00e4kk\u00e4nen<\/strong><\/p>\n<p>***<\/p>\n<p>25.9.2016 Hyryl\u00e4n Suurmarkkinat<\/p>\n<p>***<\/p>\n<p>24.5.2016 ministeri\u00a0<strong>Petteri Orpo<\/strong> Tuusulan kunnantalolla<\/p>\n<p>***<\/p>\n<p>22.5.2016 Kev\u00e4tmarkkinat<\/p>\n<p>***<\/p>\n<p>21.5.2016 Kellokosken kalastuskauden avajaiset<\/p>\n<p>***<\/p>\n<p>10.5.2016 kansanedustaja\u00a0<strong>Elina Lepom\u00e4ki<\/strong> Tuusulassa<\/p>\n<p>***<\/p>\n<p>31.3.2016 klo 18 Tuusulan Kokoomus Ry:n kev\u00e4tkokous (Tuusulan kunnantalon valtuustosali)<\/p>\n<p>Poliittisen tilannekatsauksen pit\u00e4\u00e4 kansanedustaja <strong>Harry (Hjallis) Harkimo<\/strong><\/p>\n<p>***<\/p>\n<p>23.3.2016 Suuri liikenneilta, paikalla mm. HSL:n toimitusjohtaja <strong>Suvi RIhtniemi<\/strong><\/p>","protected":false},"excerpt":{"rendered":"<p>*** Tuusulalainen MM-tason nyrkkeilij\u00e4 Sanna Turunen pit\u00e4\u00e4 kaikille avoimen treenin Hyryl\u00e4n urheilukeskuksessa lauantaina 24.10. klo 14.00. Ota mukaan hanskat ja jumppamatto. Kokoonnutaan stadionin yl\u00e4osassa. L\u00e4mpim\u00e4sti tervetuloa mukaan liikkumaan ja urheilemaan! https:\/\/www.facebook.com\/events\/2946365045463729\/<\/p>\n","protected":false},"author":1,"featured_media":0,"parent":7,"menu_order":1,"comment_status":"closed","ping_status":"closed","template":"templates\/full-width-page.php","meta":{"om_disable_all_campaigns":false,"_monsterinsights_skip_tracking":false,"_monsterinsights_sitenote_active":false,"_monsterinsights_sitenote_note":"","_monsterinsights_sitenote_category":0,"_uf_show_specific_survey":0,"_uf_disable_surveys":false,"footnotes":""},"class_list":["post-17","page","type-page","status-publish","hentry"],"aioseo_notices":[],"_links":{"self":[{"href":"https:\/\/www.tuusulankokoomus.fi\/index.php?rest_route=\/wp\/v2\/pages\/17","targetHints":{"allow":["GET"]}}],"collection":[{"href":"https:\/\/www.tuusulankokoomus.fi\/index.php?rest_route=\/wp\/v2\/pages"}],"about":[{"href":"https:\/\/www.tuusulankokoomus.fi\/index.php?rest_route=\/wp\/v2\/types\/page"}],"author":[{"embeddable":true,"href":"https:\/\/www.tuusulankokoomus.fi\/index.php?rest_route=\/wp\/v2\/users\/1"}],"replies":[{"embeddable":true,"href":"https:\/\/www.tuusulankokoomus.fi\/index.php?rest_route=%2Fwp%2Fv2%2Fcomments&post=17"}],"version-history":[{"count":77,"href":"https:\/\/www.tuusulankokoomus.fi\/index.php?rest_route=\/wp\/v2\/pages\/17\/revisions"}],"predecessor-version":[{"id":2163,"href":"https:\/\/www.tuusulankokoomus.fi\/index.php?rest_route=\/wp\/v2\/pages\/17\/revisions\/2163"}],"up":[{"embeddable":true,"href":"https:\/\/www.tuusulankokoomus.fi\/index.php?rest_route=\/wp\/v2\/pages\/7"}],"wp:attachment":[{"href":"https:\/\/www.tuusulankokoomus.fi\/index.php?rest_route=%2Fwp%2Fv2%2Fmedia&parent=17"}],"curies":[{"name":"wp","href":"https:\/\/api.w.org\/{rel}","templated":true}]}}