{"id":1677,"date":"2021-02-03T11:42:30","date_gmt":"2021-02-03T09:42:30","guid":{"rendered":"https:\/\/www.tuusulankokoomus.fi\/?page_id=1677"},"modified":"2021-05-15T18:32:52","modified_gmt":"2021-05-15T15:32:52","slug":"kuntavaalit-2021","status":"publish","type":"page","link":"https:\/\/www.tuusulankokoomus.fi\/?page_id=1677","title":{"rendered":"Kuntavaalien ehdokaslista 2021"},"content":{"rendered":"\n<p>Jokaisen ehdokkaamme kuvan, tiedot ja linkit ehdokkaan kotisivuille ja some-kanaviin l\u00f6yd\u00e4t t\u00e4\u00e4lt\u00e4: <a href=\"https:\/\/www.tuusulankokoomus.fi\/?page_id=1681\" data-type=\"page\" data-id=\"1681\">Tuusulan Kokoomuksen ehdokkaat<\/a><\/p>\n\n\n\n\n<table id=\"tablepress-2\" class=\"tablepress tablepress-id-2\">\n<thead>\n<tr class=\"row-1\">\n\t<th class=\"column-1\">#<\/th><th class=\"column-2\">Ehdokasnumero<\/th><th class=\"column-3\">Nimi<\/th><th class=\"column-4\">Ik\u00e4<\/th><th class=\"column-5\">Alue<\/th><th class=\"column-6\">Ammatti<\/th>\n<\/tr>\n<\/thead>\n<tbody class=\"row-striping row-hover\">\n<tr class=\"row-2\">\n\t<td class=\"column-1\">1<\/td><td class=\"column-2\">130<\/td><td class=\"column-3\">Ahlgren Jukka<\/td><td class=\"column-4\">63<\/td><td class=\"column-5\">Hyryl\u00e4<\/td><td class=\"column-6\">Yritt\u00e4j\u00e4<\/td>\n<\/tr>\n<tr class=\"row-3\">\n\t<td class=\"column-1\">2<\/td><td class=\"column-2\">131<\/td><td class=\"column-3\">Ahola-Lepp\u00e4nen Mirja<\/td><td class=\"column-4\">61<\/td><td class=\"column-5\">Paijala<\/td><td class=\"column-6\">Sairaanhoitaja AMK<\/td>\n<\/tr>\n<tr class=\"row-4\">\n\t<td class=\"column-1\">3<\/td><td class=\"column-2\">132<\/td><td class=\"column-3\">Atabekian Stella<\/td><td class=\"column-4\">52<\/td><td class=\"column-5\">Hyryl\u00e4<\/td><td class=\"column-6\">Liikunnan ja terveystiedon lehtori<\/td>\n<\/tr>\n<tr class=\"row-5\">\n\t<td class=\"column-1\">4<\/td><td class=\"column-2\">134<\/td><td class=\"column-3\">Hartman Tarja<\/td><td class=\"column-4\">62<\/td><td class=\"column-5\">Lahela<\/td><td class=\"column-6\">Freelancer-toimittaja<\/td>\n<\/tr>\n<tr class=\"row-6\">\n\t<td class=\"column-1\">5<\/td><td class=\"column-2\">135<\/td><td class=\"column-3\">Heikkinen Toni<\/td><td class=\"column-4\">48<\/td><td class=\"column-5\">Ruotsinkyl\u00e4<\/td><td class=\"column-6\">Kehitysp\u00e4\u00e4llikk\u00f6, Logistiikan insin\u00f6\u00f6ri<\/td>\n<\/tr>\n<tr class=\"row-7\">\n\t<td class=\"column-1\">6<\/td><td class=\"column-2\">136<\/td><td class=\"column-3\">Heino Mika<\/td><td class=\"column-4\">54<\/td><td class=\"column-5\">Huhtariihi<\/td><td class=\"column-6\">Yritt\u00e4j\u00e4<\/td>\n<\/tr>\n<tr class=\"row-8\">\n\t<td class=\"column-1\">7<\/td><td class=\"column-2\">138<\/td><td class=\"column-3\">Heiskala Timo<\/td><td class=\"column-4\">51<\/td><td class=\"column-5\">Kellokoski<\/td><td class=\"column-6\">Toimitusjohtaja<\/td>\n<\/tr>\n<tr class=\"row-9\">\n\t<td class=\"column-1\">8<\/td><td class=\"column-2\">139<\/td><td class=\"column-3\">Henttala Lotta<\/td><td class=\"column-4\">31<\/td><td class=\"column-5\">Hyryl\u00e4<\/td><td class=\"column-6\">Ammattiurheilija, opiskelija<\/td>\n<\/tr>\n<tr class=\"row-10\">\n\t<td class=\"column-1\">9<\/td><td class=\"column-2\">141<\/td><td class=\"column-3\">Ikkel\u00e4 Kalle<\/td><td class=\"column-4\">44<\/td><td class=\"column-5\">Riihikallio<\/td><td class=\"column-6\">Tietohallintop\u00e4\u00e4llikk\u00f6<\/td>\n<\/tr>\n<tr class=\"row-11\">\n\t<td class=\"column-1\">10<\/td><td class=\"column-2\">142<\/td><td class=\"column-3\">Jaakkola Erkka<\/td><td class=\"column-4\">52<\/td><td class=\"column-5\">Kirkonkyl\u00e4<\/td><td class=\"column-6\">Kaupallinen johtaja<\/td>\n<\/tr>\n<tr class=\"row-12\">\n\t<td class=\"column-1\">11<\/td><td class=\"column-2\">143<\/td><td class=\"column-3\">Joensuu Keimo<\/td><td class=\"column-4\">60<\/td><td class=\"column-5\">Lahela<\/td><td class=\"column-6\">Mus.lehtori<\/td>\n<\/tr>\n<tr class=\"row-13\">\n\t<td class=\"column-1\">12<\/td><td class=\"column-2\">144<\/td><td class=\"column-3\">Karjula Juha<\/td><td class=\"column-4\">57<\/td><td class=\"column-5\">Paijala<\/td><td class=\"column-6\">Toimitusjohtaja MBA<\/td>\n<\/tr>\n<tr class=\"row-14\">\n\t<td class=\"column-1\">13<\/td><td class=\"column-2\">147<\/td><td class=\"column-3\">Kinnunen Kari<\/td><td class=\"column-4\">59<\/td><td class=\"column-5\">Jokela<\/td><td class=\"column-6\">Erityisopettaja, Opetusneuvos<\/td>\n<\/tr>\n<tr class=\"row-15\">\n\t<td class=\"column-1\">14<\/td><td class=\"column-2\">148<\/td><td class=\"column-3\">Kivinen Matilda<\/td><td class=\"column-4\">39<\/td><td class=\"column-5\">Paijala<\/td><td class=\"column-6\">Yrityskulttuurimuotoilija, Markkinointistrategi<\/td>\n<\/tr>\n<tr class=\"row-16\">\n\t<td class=\"column-1\">15<\/td><td class=\"column-2\">149<\/td><td class=\"column-3\">Korpaeus Kirsi<\/td><td class=\"column-4\">43<\/td><td class=\"column-5\">Hy\u00f6kk\u00e4l\u00e4<\/td><td class=\"column-6\">Hallinto- ja talousjohtaja<\/td>\n<\/tr>\n<tr class=\"row-17\">\n\t<td class=\"column-1\">16<\/td><td class=\"column-2\">150<\/td><td class=\"column-3\">Korpinen Topi<\/td><td class=\"column-4\">22<\/td><td class=\"column-5\">Jokela<\/td><td class=\"column-6\">J\u00e4rjest\u00f6sihteeri<\/td>\n<\/tr>\n<tr class=\"row-18\">\n\t<td class=\"column-1\">17<\/td><td class=\"column-2\">151<\/td><td class=\"column-3\">Laakso Pekka<\/td><td class=\"column-4\">71<\/td><td class=\"column-5\">Hyryl\u00e4<\/td><td class=\"column-6\">Varatuomari<\/td>\n<\/tr>\n<tr class=\"row-19\">\n\t<td class=\"column-1\">18<\/td><td class=\"column-2\">152<\/td><td class=\"column-3\">Laine Elina<\/td><td class=\"column-4\">41<\/td><td class=\"column-5\">Jokela<\/td><td class=\"column-6\">Luokanopettaja<\/td>\n<\/tr>\n<tr class=\"row-20\">\n\t<td class=\"column-1\">19<\/td><td class=\"column-2\">153<\/td><td class=\"column-3\">Lakkap\u00e4\u00e4-Hemmi Piia<\/td><td class=\"column-4\">41<\/td><td class=\"column-5\">Lahela<\/td><td class=\"column-6\">Territory manager<\/td>\n<\/tr>\n<tr class=\"row-21\">\n\t<td class=\"column-1\">20<\/td><td class=\"column-2\">155<\/td><td class=\"column-3\">Leppo Jessica<\/td><td class=\"column-4\">46<\/td><td class=\"column-5\">Tuomala<\/td><td class=\"column-6\">Kalustesuunnittelija<\/td>\n<\/tr>\n<tr class=\"row-22\">\n\t<td class=\"column-1\">21<\/td><td class=\"column-2\">157<\/td><td class=\"column-3\">Lundberg Vesa<\/td><td class=\"column-4\">37<\/td><td class=\"column-5\">Mattila<\/td><td class=\"column-6\">Toimitusjohtaja<\/td>\n<\/tr>\n<tr class=\"row-23\">\n\t<td class=\"column-1\">22<\/td><td class=\"column-2\">158<\/td><td class=\"column-3\">Malmlund Kaj<\/td><td class=\"column-4\">54<\/td><td class=\"column-5\">Lahela<\/td><td class=\"column-6\">Yritt\u00e4j\u00e4<\/td>\n<\/tr>\n<tr class=\"row-24\">\n\t<td class=\"column-1\">23<\/td><td class=\"column-2\">159<\/td><td class=\"column-3\">Mellin Janne<\/td><td class=\"column-4\">50<\/td><td class=\"column-5\">Rusutj\u00e4rvi<\/td><td class=\"column-6\">Rehtori<\/td>\n<\/tr>\n<tr class=\"row-25\">\n\t<td class=\"column-1\">24<\/td><td class=\"column-2\">160<\/td><td class=\"column-3\">M\u00e4ki-Kuhna Mika<\/td><td class=\"column-4\">56<\/td><td class=\"column-5\">Hyryl\u00e4<\/td><td class=\"column-6\">Apulaispormestari, Yritt\u00e4j\u00e4<\/td>\n<\/tr>\n<tr class=\"row-26\">\n\t<td class=\"column-1\">25<\/td><td class=\"column-2\">161<\/td><td class=\"column-3\">M\u00e4kinen Sakari<\/td><td class=\"column-4\">32<\/td><td class=\"column-5\">Lahela<\/td><td class=\"column-6\">Applications Sales Executive<\/td>\n<\/tr>\n<tr class=\"row-27\">\n\t<td class=\"column-1\">26<\/td><td class=\"column-2\">162<\/td><td class=\"column-3\">Nikkanen Tytti<\/td><td class=\"column-4\">51<\/td><td class=\"column-5\">Lahela<\/td><td class=\"column-6\">Kiinteist\u00f6nv\u00e4litt\u00e4j\u00e4, Terveydenhoitaja<\/td>\n<\/tr>\n<tr class=\"row-28\">\n\t<td class=\"column-1\">27<\/td><td class=\"column-2\">163<\/td><td class=\"column-3\">Niskanen Jukka-Pekka<\/td><td class=\"column-4\">51<\/td><td class=\"column-5\">Vaunukangas<\/td><td class=\"column-6\">Tietohallintop\u00e4\u00e4llikk\u00f6<\/td>\n<\/tr>\n<tr class=\"row-29\">\n\t<td class=\"column-1\">28<\/td><td class=\"column-2\">164<\/td><td class=\"column-3\">Nylund Tomas<\/td><td class=\"column-4\">39<\/td><td class=\"column-5\">Jokela<\/td><td class=\"column-6\">Yritt\u00e4j\u00e4<\/td>\n<\/tr>\n<tr class=\"row-30\">\n\t<td class=\"column-1\">29<\/td><td class=\"column-2\">165<\/td><td class=\"column-3\">N\u00e4tkynm\u00e4ki Arto<\/td><td class=\"column-4\">60<\/td><td class=\"column-5\">Korkki<\/td><td class=\"column-6\">Varatuomari<\/td>\n<\/tr>\n<tr class=\"row-31\">\n\t<td class=\"column-1\">30<\/td><td class=\"column-2\">166<\/td><td class=\"column-3\">Oksanen Matti<\/td><td class=\"column-4\">69<\/td><td class=\"column-5\">Rusutj\u00e4rvi<\/td><td class=\"column-6\">Insin\u00f6\u00f6ri<\/td>\n<\/tr>\n<tr class=\"row-32\">\n\t<td class=\"column-1\">31<\/td><td class=\"column-2\">167<\/td><td class=\"column-3\">Raevuori Ville<\/td><td class=\"column-4\">57<\/td><td class=\"column-5\">Kirkonkyl\u00e4<\/td><td class=\"column-6\">Ulkomaankaupan asiantuntija<\/td>\n<\/tr>\n<tr class=\"row-33\">\n\t<td class=\"column-1\">32<\/td><td class=\"column-2\">168<\/td><td class=\"column-3\">Rathgeber Satu<\/td><td class=\"column-4\">40<\/td><td class=\"column-5\">Lahela<\/td><td class=\"column-6\">Kasvatusty\u00f6ntekij\u00e4<\/td>\n<\/tr>\n<tr class=\"row-34\">\n\t<td class=\"column-1\">33<\/td><td class=\"column-2\">169<\/td><td class=\"column-3\">Renholm Minna<\/td><td class=\"column-4\">54<\/td><td class=\"column-5\">Nummenharju<\/td><td class=\"column-6\">HR IS Manager<\/td>\n<\/tr>\n<tr class=\"row-35\">\n\t<td class=\"column-1\">34<\/td><td class=\"column-2\">170<\/td><td class=\"column-3\">Riola Jouko<\/td><td class=\"column-4\">63<\/td><td class=\"column-5\">Ruskela<\/td><td class=\"column-6\">Agrologi, Yritt\u00e4j\u00e4<\/td>\n<\/tr>\n<tr class=\"row-36\">\n\t<td class=\"column-1\">35<\/td><td class=\"column-2\">171<\/td><td class=\"column-3\">Roihuvuo Ilari<\/td><td class=\"column-4\">43<\/td><td class=\"column-5\">Jokela<\/td><td class=\"column-6\">Rakennusinsin\u00f6\u00f6ri, Myyntijohtaja<\/td>\n<\/tr>\n<tr class=\"row-37\">\n\t<td class=\"column-1\">36<\/td><td class=\"column-2\">173<\/td><td class=\"column-3\">Ruotsalainen Pekka<\/td><td class=\"column-4\">67<\/td><td class=\"column-5\">Lahela<\/td><td class=\"column-6\">Tuotantokoordinaattori (el\u00e4kkeell\u00e4)<\/td>\n<\/tr>\n<tr class=\"row-38\">\n\t<td class=\"column-1\">37<\/td><td class=\"column-2\">175<\/td><td class=\"column-3\">Saalasti Mika<\/td><td class=\"column-4\">50<\/td><td class=\"column-5\">Jokela<\/td><td class=\"column-6\">Ilmailun ylitarkastaja<\/td>\n<\/tr>\n<tr class=\"row-39\">\n\t<td class=\"column-1\">38<\/td><td class=\"column-2\">177<\/td><td class=\"column-3\">Salmi Lilli<\/td><td class=\"column-4\">34<\/td><td class=\"column-5\">Jokela<\/td><td class=\"column-6\">Toimistop\u00e4\u00e4llikk\u00f6<\/td>\n<\/tr>\n<tr class=\"row-40\">\n\t<td class=\"column-1\">39<\/td><td class=\"column-2\">178<\/td><td class=\"column-3\">Saukko Leena<\/td><td class=\"column-4\">35<\/td><td class=\"column-5\">Rusutj\u00e4rvi<\/td><td class=\"column-6\">Ratsastusvalmentaja, Perheyritt\u00e4j\u00e4<\/td>\n<\/tr>\n<tr class=\"row-41\">\n\t<td class=\"column-1\">40<\/td><td class=\"column-2\">179<\/td><td class=\"column-3\">Savolainen Ari<\/td><td class=\"column-4\">42<\/td><td class=\"column-5\">Kirkonkyl\u00e4<\/td><td class=\"column-6\">Toimitusjohtaja, Golf-ammattilainen<\/td>\n<\/tr>\n<tr class=\"row-42\">\n\t<td class=\"column-1\">41<\/td><td class=\"column-2\">180<\/td><td class=\"column-3\">Sedig Riitta<\/td><td class=\"column-4\">61<\/td><td class=\"column-5\">Kirkonkyl\u00e4<\/td><td class=\"column-6\">Lakimies, yritt\u00e4j\u00e4<\/td>\n<\/tr>\n<tr class=\"row-43\">\n\t<td class=\"column-1\">42<\/td><td class=\"column-2\">181<\/td><td class=\"column-3\">Sepp\u00e4l\u00e4 Antti<\/td><td class=\"column-4\">70<\/td><td class=\"column-5\">Kellokoski<\/td><td class=\"column-6\">Yritt\u00e4j\u00e4<\/td>\n<\/tr>\n<tr class=\"row-44\">\n\t<td class=\"column-1\">43<\/td><td class=\"column-2\">182<\/td><td class=\"column-3\">Siiri Milla<\/td><td class=\"column-4\">42<\/td><td class=\"column-5\">Riihikallio<\/td><td class=\"column-6\">Yritt\u00e4j\u00e4, Ymp\u00e4rist\u00f6asiantuntija, DI<\/td>\n<\/tr>\n<tr class=\"row-45\">\n\t<td class=\"column-1\">44<\/td><td class=\"column-2\">183<\/td><td class=\"column-3\">Sj\u00f6blom Ilmari<\/td><td class=\"column-4\">47<\/td><td class=\"column-5\">Hy\u00f6kk\u00e4l\u00e4<\/td><td class=\"column-6\">Yritt\u00e4j\u00e4<\/td>\n<\/tr>\n<tr class=\"row-46\">\n\t<td class=\"column-1\">45<\/td><td class=\"column-2\">184<\/td><td class=\"column-3\">Sj\u00f6blom Ruut<\/td><td class=\"column-4\">44<\/td><td class=\"column-5\">Riihikallio<\/td><td class=\"column-6\">Kansanedustaja, Teologi<\/td>\n<\/tr>\n<tr class=\"row-47\">\n\t<td class=\"column-1\">46<\/td><td class=\"column-2\">185<\/td><td class=\"column-3\">Tammilehto Tapio<\/td><td class=\"column-4\">70<\/td><td class=\"column-5\">Jokela<\/td><td class=\"column-6\">Talousneuvos, Yritt\u00e4j\u00e4<\/td>\n<\/tr>\n<tr class=\"row-48\">\n\t<td class=\"column-1\">47<\/td><td class=\"column-2\">186<\/td><td class=\"column-3\">Tervo Tomi<\/td><td class=\"column-4\">46<\/td><td class=\"column-5\">Hyryl\u00e4<\/td><td class=\"column-6\">Liikennelent\u00e4j\u00e4<\/td>\n<\/tr>\n<tr class=\"row-49\">\n\t<td class=\"column-1\">48<\/td><td class=\"column-2\">187<\/td><td class=\"column-3\">Tienhaara Mari<\/td><td class=\"column-4\">44<\/td><td class=\"column-5\">Rusutj\u00e4rvi<\/td><td class=\"column-6\">El\u00e4inl\u00e4\u00e4k\u00e4ri, Yritt\u00e4j\u00e4<\/td>\n<\/tr>\n<tr class=\"row-50\">\n\t<td class=\"column-1\">49<\/td><td class=\"column-2\">189<\/td><td class=\"column-3\">Ulvinen Maria<\/td><td class=\"column-4\">44<\/td><td class=\"column-5\">Riihikallio<\/td><td class=\"column-6\">Asiantuntija, lasten liikunta ja urheilu<\/td>\n<\/tr>\n<tr class=\"row-51\">\n\t<td class=\"column-1\">50<\/td><td class=\"column-2\">192<\/td><td class=\"column-3\">Vahla Matti<\/td><td class=\"column-4\">64<\/td><td class=\"column-5\">Jokela<\/td><td class=\"column-6\">Huolitsija, el\u00e4kkeell\u00e4<\/td>\n<\/tr>\n<tr class=\"row-52\">\n\t<td class=\"column-1\">51<\/td><td class=\"column-2\">193<\/td><td class=\"column-3\">Vakkila Jarmo<\/td><td class=\"column-4\">60<\/td><td class=\"column-5\">Riihikallio<\/td><td class=\"column-6\">Liikuntap\u00e4\u00e4llikk\u00f6, Sports director<\/td>\n<\/tr>\n<tr class=\"row-53\">\n\t<td class=\"column-1\">52<\/td><td class=\"column-2\">194<\/td><td class=\"column-3\">Valariutta Tomi<\/td><td class=\"column-4\">30<\/td><td class=\"column-5\">Jokela<\/td><td class=\"column-6\">Myyntip\u00e4\u00e4llikk\u00f6<\/td>\n<\/tr>\n<tr class=\"row-54\">\n\t<td class=\"column-1\">53<\/td><td class=\"column-2\">196<\/td><td class=\"column-3\">Vuollet Petri<\/td><td class=\"column-4\">52<\/td><td class=\"column-5\">Riihikallio<\/td><td class=\"column-6\">Vakuutusasiamies, Yritt\u00e4j\u00e4<\/td>\n<\/tr>\n<tr class=\"row-55\">\n\t<td class=\"column-1\">54<\/td><td class=\"column-2\">197<\/td><td class=\"column-3\">Winqvist Lars<\/td><td class=\"column-4\">77<\/td><td class=\"column-5\">Kirkonkyl\u00e4<\/td><td class=\"column-6\">Diplomi-insin\u00f6\u00f6ri<\/td>\n<\/tr>\n<\/tbody>\n<\/table>\n<!-- #tablepress-2 from cache -->\n","protected":false},"excerpt":{"rendered":"<p>Jokaisen ehdokkaamme kuvan, tiedot ja linkit ehdokkaan kotisivuille ja some-kanaviin l\u00f6yd\u00e4t t\u00e4\u00e4lt\u00e4: Tuusulan Kokoomuksen ehdokkaat<\/p>\n","protected":false},"author":3,"featured_media":1659,"parent":991,"menu_order":0,"comment_status":"closed","ping_status":"closed","template":"templates\/full-width-page.php","meta":{"om_disable_all_campaigns":false,"_monsterinsights_skip_tracking":false,"_monsterinsights_sitenote_active":false,"_monsterinsights_sitenote_note":"","_monsterinsights_sitenote_category":0,"_uf_show_specific_survey":0,"_uf_disable_surveys":false,"footnotes":""},"class_list":["post-1677","page","type-page","status-publish","has-post-thumbnail","hentry"],"aioseo_notices":[],"_links":{"self":[{"href":"https:\/\/www.tuusulankokoomus.fi\/index.php?rest_route=\/wp\/v2\/pages\/1677","targetHints":{"allow":["GET"]}}],"collection":[{"href":"https:\/\/www.tuusulankokoomus.fi\/index.php?rest_route=\/wp\/v2\/pages"}],"about":[{"href":"https:\/\/www.tuusulankokoomus.fi\/index.php?rest_route=\/wp\/v2\/types\/page"}],"author":[{"embeddable":true,"href":"https:\/\/www.tuusulankokoomus.fi\/index.php?rest_route=\/wp\/v2\/users\/3"}],"replies":[{"embeddable":true,"href":"https:\/\/www.tuusulankokoomus.fi\/index.php?rest_route=%2Fwp%2Fv2%2Fcomments&post=1677"}],"version-history":[{"count":9,"href":"https:\/\/www.tuusulankokoomus.fi\/index.php?rest_route=\/wp\/v2\/pages\/1677\/revisions"}],"predecessor-version":[{"id":1989,"href":"https:\/\/www.tuusulankokoomus.fi\/index.php?rest_route=\/wp\/v2\/pages\/1677\/revisions\/1989"}],"up":[{"embeddable":true,"href":"https:\/\/www.tuusulankokoomus.fi\/index.php?rest_route=\/wp\/v2\/pages\/991"}],"wp:featuredmedia":[{"embeddable":true,"href":"https:\/\/www.tuusulankokoomus.fi\/index.php?rest_route=\/wp\/v2\/media\/1659"}],"wp:attachment":[{"href":"https:\/\/www.tuusulankokoomus.fi\/index.php?rest_route=%2Fwp%2Fv2%2Fmedia&parent=1677"}],"curies":[{"name":"wp","href":"https:\/\/api.w.org\/{rel}","templated":true}]}}