{"id":164,"date":"2016-08-22T17:07:54","date_gmt":"2016-08-22T14:07:54","guid":{"rendered":"http:\/\/localhost:7888\/?page_id=164"},"modified":"2025-03-02T19:19:12","modified_gmt":"2025-03-02T17:19:12","slug":"kokoomus-tuusulan-seurakunnassa","status":"publish","type":"page","link":"https:\/\/www.tuusulankokoomus.fi\/?page_id=164","title":{"rendered":"Kokoomus Tuusulan seurakunnassa"},"content":{"rendered":"<div id=\"token-119537\" class=\"token token-Content\">\n<div id=\"content-container-119540\" class=\"content-container\">\n<div id=\"content-text-119540\">\n<p class=\"as_huomiolaatikko\"><b>Kokoomuksen j\u00e4seni\u00e4 Tuusulan kirkkovaltuustossa\u00a0ovat<\/b><\/p>\n<p>Ilkka Ertimo<\/p>\n<p>Leena J\u00e4ntti<\/p>\n<p>Anne H\u00e4kkinen<\/p>\n<p>Kari Kinnunen<\/p>\n<p>Sari Rinne<\/p>\n<p>Lauri Untamo<\/p>\n<p>Ulla V\u00e4lipakka<\/p>\n<\/div>\n<\/div>\n<\/div>\n<div id=\"token-1199672\" class=\"token token-Content\">\n<div id=\"content-container-1199673\" class=\"content-container\">\n<div id=\"content-text-1199673\">\n<p class=\"as_huomiolaatikko\"><b>Kokoomuksen j\u00e4seni\u00e4 Tuusulan kirkkoneuvostossa (kausi 2025-2026) ovat<\/b><\/p>\n<p>Ilkka Ertimo, varalla Pekka Ruotsalainen<\/p>\n<p>Anne H\u00e4kkinen, varalla Leena Jokinen<\/p>\n<p>Lauri Untamo, varalla Kari Kinnunen<\/p>\n<\/div>\n<\/div>\n<\/div>\n","protected":false},"excerpt":{"rendered":"<p>Kokoomuksen j\u00e4seni\u00e4 Tuusulan kirkkovaltuustossa\u00a0ovat Ilkka Ertimo Leena J\u00e4ntti Anne H\u00e4kkinen Kari Kinnunen Sari Rinne Lauri Untamo Ulla V\u00e4lipakka Kokoomuksen j\u00e4seni\u00e4 Tuusulan kirkkoneuvostossa (kausi 2025-2026) ovat Ilkka Ertimo, varalla Pekka Ruotsalainen Anne H\u00e4kkinen, varalla Leena Jokinen Lauri Untamo, varalla Kari Kinnunen<\/p>\n","protected":false},"author":1,"featured_media":0,"parent":19,"menu_order":0,"comment_status":"closed","ping_status":"closed","template":"templates\/full-width-page.php","meta":{"om_disable_all_campaigns":false,"_monsterinsights_skip_tracking":false,"_monsterinsights_sitenote_active":false,"_monsterinsights_sitenote_note":"","_monsterinsights_sitenote_category":0,"_uf_show_specific_survey":0,"_uf_disable_surveys":false,"footnotes":""},"class_list":["post-164","page","type-page","status-publish","hentry"],"aioseo_notices":[],"_links":{"self":[{"href":"https:\/\/www.tuusulankokoomus.fi\/index.php?rest_route=\/wp\/v2\/pages\/164","targetHints":{"allow":["GET"]}}],"collection":[{"href":"https:\/\/www.tuusulankokoomus.fi\/index.php?rest_route=\/wp\/v2\/pages"}],"about":[{"href":"https:\/\/www.tuusulankokoomus.fi\/index.php?rest_route=\/wp\/v2\/types\/page"}],"author":[{"embeddable":true,"href":"https:\/\/www.tuusulankokoomus.fi\/index.php?rest_route=\/wp\/v2\/users\/1"}],"replies":[{"embeddable":true,"href":"https:\/\/www.tuusulankokoomus.fi\/index.php?rest_route=%2Fwp%2Fv2%2Fcomments&post=164"}],"version-history":[{"count":5,"href":"https:\/\/www.tuusulankokoomus.fi\/index.php?rest_route=\/wp\/v2\/pages\/164\/revisions"}],"predecessor-version":[{"id":2346,"href":"https:\/\/www.tuusulankokoomus.fi\/index.php?rest_route=\/wp\/v2\/pages\/164\/revisions\/2346"}],"up":[{"embeddable":true,"href":"https:\/\/www.tuusulankokoomus.fi\/index.php?rest_route=\/wp\/v2\/pages\/19"}],"wp:attachment":[{"href":"https:\/\/www.tuusulankokoomus.fi\/index.php?rest_route=%2Fwp%2Fv2%2Fmedia&parent=164"}],"curies":[{"name":"wp","href":"https:\/\/api.w.org\/{rel}","templated":true}]}}