{"id":162,"date":"2016-08-22T17:07:00","date_gmt":"2016-08-22T14:07:00","guid":{"rendered":"http:\/\/localhost:7888\/?page_id=162"},"modified":"2025-03-02T19:05:34","modified_gmt":"2025-03-02T17:05:34","slug":"ylikunnalliset-ym-edustukset-2013-2016","status":"publish","type":"page","link":"https:\/\/www.tuusulankokoomus.fi\/?page_id=162","title":{"rendered":"Muut edustukset 2021-2025"},"content":{"rendered":"<h4>Tuusulan vesihuoltoliikelaitoksen johtokunta<\/h4>\n<p>Kaj Malmlund, puheenjohtaja, varalla Matti Oksanen<\/p>\n<h4>Keski-Uudenmaan ymp\u00e4rist\u00f6lautakunta<\/h4>\n<p>Mika Heino, varalla Tytti Nikkanen<\/p>\n<h4>Kuuma-johtokunta<\/h4>\n<p>Kalle Ikkel\u00e4, varalla Mika M\u00e4ki-Kuhna<\/p>\n<h4>Nimist\u00f6toimikunta<\/h4>\n<p>Sakari Heikkil\u00e4, puheenjohtaja<\/p>\n<p>Maija Malmlund<\/p>\n<h4>Tuusulan kunnan kiinteist\u00f6t Oy:n hallitus<\/h4>\n<p>Pasi Hyv\u00e4m\u00e4ki, varalla Riitta Sedig<\/p>\n<h4>Keskisen Uudenmaan musiikkiopiston johtokunnan j\u00e4senet<\/h4>\n<p>Keimo Joensuu, varapuheenjohtaja, varalla Leena J\u00e4ntti<\/p>\n","protected":false},"excerpt":{"rendered":"<p>Tuusulan vesihuoltoliikelaitoksen johtokunta Kaj Malmlund, puheenjohtaja, varalla Matti Oksanen Keski-Uudenmaan ymp\u00e4rist\u00f6lautakunta Mika Heino, varalla Tytti Nikkanen Kuuma-johtokunta Kalle Ikkel\u00e4, varalla Mika M\u00e4ki-Kuhna Nimist\u00f6toimikunta Sakari Heikkil\u00e4, puheenjohtaja Maija Malmlund Tuusulan kunnan kiinteist\u00f6t Oy:n hallitus Pasi Hyv\u00e4m\u00e4ki, varalla Riitta Sedig Keskisen Uudenmaan&#8230; <\/p>\n<div class=\"more-link-container\"><a class=\"more-link\" href=\"https:\/\/www.tuusulankokoomus.fi\/?page_id=162\">Lue lis\u00e4\u00e4<\/a><\/div>\n","protected":false},"author":1,"featured_media":0,"parent":19,"menu_order":0,"comment_status":"closed","ping_status":"closed","template":"templates\/full-width-page.php","meta":{"om_disable_all_campaigns":false,"_monsterinsights_skip_tracking":false,"_monsterinsights_sitenote_active":false,"_monsterinsights_sitenote_note":"","_monsterinsights_sitenote_category":0,"_uf_show_specific_survey":0,"_uf_disable_surveys":false,"footnotes":""},"class_list":["post-162","page","type-page","status-publish","hentry"],"aioseo_notices":[],"_links":{"self":[{"href":"https:\/\/www.tuusulankokoomus.fi\/index.php?rest_route=\/wp\/v2\/pages\/162","targetHints":{"allow":["GET"]}}],"collection":[{"href":"https:\/\/www.tuusulankokoomus.fi\/index.php?rest_route=\/wp\/v2\/pages"}],"about":[{"href":"https:\/\/www.tuusulankokoomus.fi\/index.php?rest_route=\/wp\/v2\/types\/page"}],"author":[{"embeddable":true,"href":"https:\/\/www.tuusulankokoomus.fi\/index.php?rest_route=\/wp\/v2\/users\/1"}],"replies":[{"embeddable":true,"href":"https:\/\/www.tuusulankokoomus.fi\/index.php?rest_route=%2Fwp%2Fv2%2Fcomments&post=162"}],"version-history":[{"count":6,"href":"https:\/\/www.tuusulankokoomus.fi\/index.php?rest_route=\/wp\/v2\/pages\/162\/revisions"}],"predecessor-version":[{"id":2341,"href":"https:\/\/www.tuusulankokoomus.fi\/index.php?rest_route=\/wp\/v2\/pages\/162\/revisions\/2341"}],"up":[{"embeddable":true,"href":"https:\/\/www.tuusulankokoomus.fi\/index.php?rest_route=\/wp\/v2\/pages\/19"}],"wp:attachment":[{"href":"https:\/\/www.tuusulankokoomus.fi\/index.php?rest_route=%2Fwp%2Fv2%2Fmedia&parent=162"}],"curies":[{"name":"wp","href":"https:\/\/api.w.org\/{rel}","templated":true}]}}