{"id":15,"date":"2016-05-16T00:10:22","date_gmt":"2016-05-15T21:10:22","guid":{"rendered":"http:\/\/localhost:7888\/?page_id=15"},"modified":"2026-02-17T17:29:23","modified_gmt":"2026-02-17T15:29:23","slug":"tavoitteet","status":"publish","type":"page","link":"https:\/\/www.tuusulankokoomus.fi\/?page_id=15","title":{"rendered":"Tavoitteet ja yhdistystoiminta"},"content":{"rendered":"<p class=\"pageTitle\"><img loading=\"lazy\" decoding=\"async\" class=\"alignnone size-medium wp-image-144\" src=\"http:\/\/www.tuusulankokoomus.fi\/wp-content\/uploads\/2016\/05\/IMGP6544-300x199.jpeg\" alt=\"Yhdistystoiminta\" width=\"300\" height=\"199\" srcset=\"https:\/\/www.tuusulankokoomus.fi\/wp-content\/uploads\/2016\/05\/IMGP6544-300x199.jpeg 300w, https:\/\/www.tuusulankokoomus.fi\/wp-content\/uploads\/2016\/05\/IMGP6544-768x509.jpeg 768w, https:\/\/www.tuusulankokoomus.fi\/wp-content\/uploads\/2016\/05\/IMGP6544-1024x678.jpeg 1024w, https:\/\/www.tuusulankokoomus.fi\/wp-content\/uploads\/2016\/05\/IMGP6544.jpeg 1280w\" sizes=\"auto, (max-width: 300px) 100vw, 300px\" \/><!--more--><\/p>\n<p><strong>Yhdistystoiminta<\/strong><\/p>\n<p>Tuusulan Kokoomus ry. on vanhin ja suurin Tuusulassa toimivista Kokoomusj\u00e4rjest\u00f6ist\u00e4. Yhdistys on perustettu vuonna 1961. Tuusulan Kokoomus ry on Uudenmaan piirin suurin j\u00e4senyhdistys ja seuraavaksi suurin on j\u00e4senist\u00f6ss\u00e4 eri sataluvulla.<\/p>\n<p>S\u00e4\u00e4nt\u00f6m\u00e4\u00e4r\u00e4isiss\u00e4 syys- ja kev\u00e4tkokouksissa m\u00e4\u00e4ritell\u00e4\u00e4n tulevan toiminnan suuntaviivat, valitaan yhdistyksen hallitus sek\u00e4 edustajat piirikokouksiin, puoluekokoukseen jne.<\/p>\n<p>J\u00e4rjest\u00f6toiminnasta vastaa syyskokouksessa valittava hallitus, joka kokoontuu<br \/>\nkeskim\u00e4\u00e4rin kerran kuukaudessa. J\u00e4senkunnalle j\u00e4rjestet\u00e4\u00e4n keskustelu- ja tiedotustilaisuuksia,\u00a0 joissa k\u00e4sitell\u00e4\u00e4n niin Tuusulan kunnallispolitiikan kuin valtakunnanpolitiikankin ajankohtaisia asioita. Keskustelutilaisuuksien tms. lis\u00e4ksi j\u00e4rjestet\u00e4\u00e4n my\u00f6s vapaamuotoisempia tapahtumia, kuten retki\u00e4, tutustumisk\u00e4yntej\u00e4, illanviettoja jne.<\/p>\n<p data-start=\"0\" data-end=\"35\"><strong data-start=\"0\" data-end=\"35\">Vuoden 2026 toiminnan p\u00e4\u00e4teemat<\/strong><\/p>\n<p data-start=\"37\" data-end=\"339\">Vuonna 2026 toiminnan keski\u00f6ss\u00e4 on Tuusulan m\u00e4\u00e4r\u00e4tietoinen kehitt\u00e4minen. Tavoitteena on edist\u00e4\u00e4 kunnan p\u00e4\u00e4t\u00f6ksenteossa ratkaisuja, jotka vahvistavat taloutta, parantavat turvallisuutta ja tukevat asukkaiden terveytt\u00e4 ja hyvinvointia <span class=\"hover:entity-accent entity-underline inline cursor-pointer align-baseline\"><span class=\"whitespace-normal\">Kokoomus<\/span><\/span>laisten tavoitteiden mukaisesti.<\/p>\n<p data-start=\"341\" data-end=\"578\" data-is-last-node=\"\" data-is-only-node=\"\">Samalla painotetaan kest\u00e4v\u00e4\u00e4 kehityst\u00e4 ja yritt\u00e4jyyden tukemista, jotta Tuusulan vetovoima ja kilpailukyky vahvistuvat pitk\u00e4ll\u00e4 aikav\u00e4lill\u00e4. Vuoden j\u00e4lkimm\u00e4isell\u00e4 puoliskolla k\u00e4ynnistet\u00e4\u00e4n valmistautuminen kev\u00e4\u00e4n 2027 eduskuntavaaleihin.<\/p>\n","protected":false},"excerpt":{"rendered":"","protected":false},"author":1,"featured_media":0,"parent":7,"menu_order":5,"comment_status":"closed","ping_status":"closed","template":"templates\/full-width-page.php","meta":{"om_disable_all_campaigns":false,"_monsterinsights_skip_tracking":false,"_monsterinsights_sitenote_active":false,"_monsterinsights_sitenote_note":"","_monsterinsights_sitenote_category":0,"_uf_show_specific_survey":0,"_uf_disable_surveys":false,"footnotes":""},"class_list":["post-15","page","type-page","status-publish","hentry"],"aioseo_notices":[],"_links":{"self":[{"href":"https:\/\/www.tuusulankokoomus.fi\/index.php?rest_route=\/wp\/v2\/pages\/15","targetHints":{"allow":["GET"]}}],"collection":[{"href":"https:\/\/www.tuusulankokoomus.fi\/index.php?rest_route=\/wp\/v2\/pages"}],"about":[{"href":"https:\/\/www.tuusulankokoomus.fi\/index.php?rest_route=\/wp\/v2\/types\/page"}],"author":[{"embeddable":true,"href":"https:\/\/www.tuusulankokoomus.fi\/index.php?rest_route=\/wp\/v2\/users\/1"}],"replies":[{"embeddable":true,"href":"https:\/\/www.tuusulankokoomus.fi\/index.php?rest_route=%2Fwp%2Fv2%2Fcomments&post=15"}],"version-history":[{"count":8,"href":"https:\/\/www.tuusulankokoomus.fi\/index.php?rest_route=\/wp\/v2\/pages\/15\/revisions"}],"predecessor-version":[{"id":2809,"href":"https:\/\/www.tuusulankokoomus.fi\/index.php?rest_route=\/wp\/v2\/pages\/15\/revisions\/2809"}],"up":[{"embeddable":true,"href":"https:\/\/www.tuusulankokoomus.fi\/index.php?rest_route=\/wp\/v2\/pages\/7"}],"wp:attachment":[{"href":"https:\/\/www.tuusulankokoomus.fi\/index.php?rest_route=%2Fwp%2Fv2%2Fmedia&parent=15"}],"curies":[{"name":"wp","href":"https:\/\/api.w.org\/{rel}","templated":true}]}}