{"id":116,"date":"2016-07-14T19:53:41","date_gmt":"2016-07-14T16:53:41","guid":{"rendered":"http:\/\/localhost:7888\/?page_id=116"},"modified":"2026-02-09T17:52:01","modified_gmt":"2026-02-09T15:52:01","slug":"yhteystiedot","status":"publish","type":"page","link":"https:\/\/www.tuusulankokoomus.fi\/?page_id=116","title":{"rendered":"Yhteystiedot"},"content":{"rendered":"<header class=\"entry-header\">\n<p class=\"entry-title\">Outi Laitinen, puheenjohtaja<\/p>\n<\/header>\n<div class=\"entry-content\">\n<p>laitinenoutimar (at) gmail.com<\/p>\n<\/div>\n<p>Postiosoite<br \/>\nTuusulan Kokoomys ry<br \/>\nHyryl\u00e4nkatu 8 C 1, 04300 Tuusula<\/p>\n<p>Laskutustiedot<br \/>\nOperaattori: Apix Messaging Oy<br \/>\nVerkkolaskuosoite: 003723327487<br \/>\nOVT-tunnus: 003723327487<\/p>\n<p>Hyryl\u00e4nkatu 8 C 1, 04300 TuusulaHyryl\u00e4nkatu 8 C 1, 04300 Tuusula<\/p>\n<p>Yhdistyksen s\u00e4hk\u00f6posti: info@tuusulankokoomus.fi<\/p>\n","protected":false},"excerpt":{"rendered":"<p>Outi Laitinen, puheenjohtaja laitinenoutimar (at) gmail.com Postiosoite Tuusulan Kokoomys ry Hyryl\u00e4nkatu 8 C 1, 04300 Tuusula Laskutustiedot Operaattori: Apix Messaging Oy Verkkolaskuosoite: 003723327487 OVT-tunnus: 003723327487 Hyryl\u00e4nkatu 8 C 1, 04300 TuusulaHyryl\u00e4nkatu 8 C 1, 04300 Tuusula Yhdistyksen s\u00e4hk\u00f6posti: info@tuusulankokoomus.fi<\/p>\n","protected":false},"author":1,"featured_media":0,"parent":0,"menu_order":0,"comment_status":"closed","ping_status":"closed","template":"templates\/full-width-page.php","meta":{"om_disable_all_campaigns":false,"_monsterinsights_skip_tracking":false,"_monsterinsights_sitenote_active":false,"_monsterinsights_sitenote_note":"","_monsterinsights_sitenote_category":0,"_uf_show_specific_survey":0,"_uf_disable_surveys":false,"footnotes":""},"class_list":["post-116","page","type-page","status-publish","hentry"],"aioseo_notices":[],"_links":{"self":[{"href":"https:\/\/www.tuusulankokoomus.fi\/index.php?rest_route=\/wp\/v2\/pages\/116","targetHints":{"allow":["GET"]}}],"collection":[{"href":"https:\/\/www.tuusulankokoomus.fi\/index.php?rest_route=\/wp\/v2\/pages"}],"about":[{"href":"https:\/\/www.tuusulankokoomus.fi\/index.php?rest_route=\/wp\/v2\/types\/page"}],"author":[{"embeddable":true,"href":"https:\/\/www.tuusulankokoomus.fi\/index.php?rest_route=\/wp\/v2\/users\/1"}],"replies":[{"embeddable":true,"href":"https:\/\/www.tuusulankokoomus.fi\/index.php?rest_route=%2Fwp%2Fv2%2Fcomments&post=116"}],"version-history":[{"count":14,"href":"https:\/\/www.tuusulankokoomus.fi\/index.php?rest_route=\/wp\/v2\/pages\/116\/revisions"}],"predecessor-version":[{"id":2680,"href":"https:\/\/www.tuusulankokoomus.fi\/index.php?rest_route=\/wp\/v2\/pages\/116\/revisions\/2680"}],"wp:attachment":[{"href":"https:\/\/www.tuusulankokoomus.fi\/index.php?rest_route=%2Fwp%2Fv2%2Fmedia&parent=116"}],"curies":[{"name":"wp","href":"https:\/\/api.w.org\/{rel}","templated":true}]}}